{"id":48487,"date":"2021-04-22T16:44:13","date_gmt":"2021-04-22T20:44:13","guid":{"rendered":"http:\/\/getyourfunon.com\/shop\/product\/mork-borg-rpg-within-a-mile-of-home-a-mork-borg-albumcrawl-zine\/"},"modified":"2025-05-01T18:09:33","modified_gmt":"2025-05-01T22:09:33","slug":"mork-borg-rpg-within-a-mile-of-home-a-mork-borg-albumcrawl-zine","status":"publish","type":"product","link":"https:\/\/getyourfunon.com\/shop\/product\/mork-borg-rpg-within-a-mile-of-home-a-mork-borg-albumcrawl-zine\/","title":{"rendered":"Mork Borg RPG: Within A Mile of Home: A M\u00d6RK BORG AlbumCrawl Zine"},"content":{"rendered":"","protected":false},"excerpt":{"rendered":"<p>Within the pages of this 20 page zine are many things, including:<br \/>\n\u2022 The Sinful Sailor, a class designed around the Seven Deadly Sins and Nautical Naughtiness<br \/>\n\u2022 Nautical Weapons, to replace the starting weapon chart when creating a Coastal Character<br \/>\n\u2022 Nautical Tattoos that you can pay for with severed limbs or hard earned silver pieces<br \/>\n\u2022 Sailing Rules that keep the entire party involved and relevant with plenty of room to customize<br \/>\n\u2022 A Nautical Hex Crawl based on Flogging Molly\u2019s Within A Mile of Home album<\/p>\n<p>Within A Mile of Home is an independent production by Michael Mars and is not affiliated with Ockult \u00d6rtm\u00e4stare Games or Stockholm Kartell. It is published under the M\u00d6RK BORG Third Party License. M\u00d6RK BORG is copyright Ockult \u00d6rtm\u00e4stare Games and Stockholm Kartell.<\/p>\n","protected":false},"featured_media":48488,"template":"","meta":{"nf_dc_page":"","om_disable_all_campaigns":false,"ngg_post_thumbnail":0},"product_brand":[],"product_cat":[437],"product_tag":[],"class_list":{"0":"post-48487","1":"product","2":"type-product","3":"status-publish","4":"has-post-thumbnail","6":"product_cat-88-other-fantasy","8":"first","9":"outofstock","10":"taxable","11":"shipping-taxable","12":"purchasable","13":"product-type-simple"},"jetpack_sharing_enabled":true,"_links":{"self":[{"href":"https:\/\/getyourfunon.com\/shop\/wp-json\/wp\/v2\/product\/48487","targetHints":{"allow":["GET"]}}],"collection":[{"href":"https:\/\/getyourfunon.com\/shop\/wp-json\/wp\/v2\/product"}],"about":[{"href":"https:\/\/getyourfunon.com\/shop\/wp-json\/wp\/v2\/types\/product"}],"wp:featuredmedia":[{"embeddable":true,"href":"https:\/\/getyourfunon.com\/shop\/wp-json\/wp\/v2\/media\/48488"}],"wp:attachment":[{"href":"https:\/\/getyourfunon.com\/shop\/wp-json\/wp\/v2\/media?parent=48487"}],"wp:term":[{"taxonomy":"product_brand","embeddable":true,"href":"https:\/\/getyourfunon.com\/shop\/wp-json\/wp\/v2\/product_brand?post=48487"},{"taxonomy":"product_cat","embeddable":true,"href":"https:\/\/getyourfunon.com\/shop\/wp-json\/wp\/v2\/product_cat?post=48487"},{"taxonomy":"product_tag","embeddable":true,"href":"https:\/\/getyourfunon.com\/shop\/wp-json\/wp\/v2\/product_tag?post=48487"}],"curies":[{"name":"wp","href":"https:\/\/api.w.org\/{rel}","templated":true}]}}