{"id":59056,"date":"2023-09-04T02:15:15","date_gmt":"2023-09-04T06:15:15","guid":{"rendered":"http:\/\/getyourfunon.com\/shop\/product\/mythic-arcana\/"},"modified":"2025-09-27T23:32:52","modified_gmt":"2025-09-28T03:32:52","slug":"mythic-arcana","status":"publish","type":"product","link":"https:\/\/getyourfunon.com\/shop\/product\/mythic-arcana\/","title":{"rendered":"Mythic Arcana"},"content":{"rendered":"<p>Players: 2-4<br \/>\nAges: 14+<br \/>\nTime: 20-30 Minutes per Player<\/p>\n","protected":false},"excerpt":{"rendered":"<p>The Apocalypse. G\u00f6tterd\u00e4mmerung. Ragnar\u00f6k. It goes by many names, but in the end there are only ashes. The heavens have fallen and in their wake a void beckons to be filled. Mythic Arcana is an epic card and dice game about the creation of a new pantheon from the remains of shattered ones. Choose your gods wisely and use them to battle the opposition. Only one pantheon can reign supreme.<\/p>\n<p>In Mythic Arcana 2-4 players will take turns summoning gods through the roll of dice. Recruit gods to do your bidding: alter dice results, destroy enemy gods, and unite the ultimate pantheon.<\/p>\n<p>Each round, all players roll their dice. Starting with the lowest values, a player will choose to summon a god from the available gods on offer.<\/p>\n<p>The first player to obtain a god in each domain: Heavens, Life, Wisdom, War, and Death, will be victorious.<\/p>\n","protected":false},"featured_media":59057,"template":"","meta":{"nf_dc_page":"","om_disable_all_campaigns":false,"ngg_post_thumbnail":0},"product_brand":[],"product_cat":[578],"product_tag":[],"class_list":{"0":"post-59056","1":"product","2":"type-product","3":"status-publish","4":"has-post-thumbnail","6":"product_cat-3-card-games","8":"first","9":"outofstock","10":"sale","11":"taxable","12":"shipping-taxable","13":"purchasable","14":"product-type-simple"},"jetpack_sharing_enabled":true,"_links":{"self":[{"href":"https:\/\/getyourfunon.com\/shop\/wp-json\/wp\/v2\/product\/59056","targetHints":{"allow":["GET"]}}],"collection":[{"href":"https:\/\/getyourfunon.com\/shop\/wp-json\/wp\/v2\/product"}],"about":[{"href":"https:\/\/getyourfunon.com\/shop\/wp-json\/wp\/v2\/types\/product"}],"wp:featuredmedia":[{"embeddable":true,"href":"https:\/\/getyourfunon.com\/shop\/wp-json\/wp\/v2\/media\/59057"}],"wp:attachment":[{"href":"https:\/\/getyourfunon.com\/shop\/wp-json\/wp\/v2\/media?parent=59056"}],"wp:term":[{"taxonomy":"product_brand","embeddable":true,"href":"https:\/\/getyourfunon.com\/shop\/wp-json\/wp\/v2\/product_brand?post=59056"},{"taxonomy":"product_cat","embeddable":true,"href":"https:\/\/getyourfunon.com\/shop\/wp-json\/wp\/v2\/product_cat?post=59056"},{"taxonomy":"product_tag","embeddable":true,"href":"https:\/\/getyourfunon.com\/shop\/wp-json\/wp\/v2\/product_tag?post=59056"}],"curies":[{"name":"wp","href":"https:\/\/api.w.org\/{rel}","templated":true}]}}